{"id":16,"date":"2021-08-28T13:11:11","date_gmt":"2021-08-28T11:11:11","guid":{"rendered":"http:\/\/timeforsmile.pl\/?page_id=16"},"modified":"2025-11-03T19:16:21","modified_gmt":"2025-11-03T18:16:21","slug":"logopedia","status":"publish","type":"page","link":"https:\/\/timeforsmile.pl\/index.php\/logopedia\/","title":{"rendered":"Terapie i cennik"},"content":{"rendered":"\n<p>Ka\u017cd\u0105 terapi\u0119 staramy si\u0119 szy\u0107 na miar\u0119 pacjenta, a przy tym dostarczamy sporo motywacji i<br>u\u015bmiechu \ud83d\ude42 <\/p>\n\n\n\n<h2 class=\"wp-block-heading\"> Oferta i cennik <\/h2>\n\n\n\n<p><strong>Diagnozy:<\/strong><\/p>\n\n\n\n<p><strong>Diagnoza logopedyczna\/neurologopedyczna<\/strong><br>350 z\u0142 &#8211; 2 x 50 minut +opis<\/p>\n\n\n\n<p><strong>Diagnoza integracji sensorycznej (2-3 spotkania po oko\u0142o 50 minut)<\/strong><br>500 z\u0142<\/p>\n\n\n\n<p><strong>Konsultacje:<\/strong><\/p>\n\n\n\n<p><strong>Konsultacja logopedyczna\/neurologopedyczna\/integracji sensorycznej\/psychologiczna <\/strong><br>200 z\u0142 &#8211; 50min.<\/p>\n\n\n\n<p><strong>Konsultacja logopedyczna\/neurologopedyczna\/psychologiczna ONLINE<\/strong><br>200 z\u0142 &#8211; 50min.<\/p>\n\n\n\n<p><strong>Terapie:<\/strong><\/p>\n\n\n\n<p><strong>Terapia logopedyczna\/neurologopedyczna<\/strong><br>150 z\u0142 &#8211; 50min.<\/p>\n\n\n\n<p><strong>Terapia integracji sensorycznej<\/strong><br>150 z\u0142 &#8211; 50 min.<\/p>\n\n\n\n<p><strong>Terapia psychologiczna<\/strong><br>150 z\u0142 &#8211; 50 min.<\/p>\n\n\n\n<p><strong>Terapia logopedyczna\/neurologopedyczna\/psychologiczna ONLINE<\/strong><br>200 z\u0142 &#8211; 50min.<\/p>\n\n\n\n<p><strong>Opinia logopedyczna\/neurologopedyczna\/ psychologiczna \/ integracji sensorycznej<\/strong><br>100 z\u0142<\/p>\n\n\n\n<p><br><\/p>\n\n\n\n<figure class=\"wp-block-image size-large\"><img loading=\"lazy\" decoding=\"async\" width=\"1024\" height=\"1024\" src=\"https:\/\/timeforsmile.pl\/wp-content\/uploads\/2024\/10\/1000015044-1024x1024.jpg\" alt=\"\" class=\"wp-image-493\" srcset=\"https:\/\/timeforsmile.pl\/wp-content\/uploads\/2024\/10\/1000015044-1024x1024.jpg 1024w, https:\/\/timeforsmile.pl\/wp-content\/uploads\/2024\/10\/1000015044-300x300.jpg 300w, https:\/\/timeforsmile.pl\/wp-content\/uploads\/2024\/10\/1000015044-150x150.jpg 150w, https:\/\/timeforsmile.pl\/wp-content\/uploads\/2024\/10\/1000015044-768x768.jpg 768w, https:\/\/timeforsmile.pl\/wp-content\/uploads\/2024\/10\/1000015044.jpg 1440w\" sizes=\"auto, (max-width: 1024px) 100vw, 1024px\" \/><\/figure>\n\n\n\n<figure class=\"wp-block-image size-large\"><img loading=\"lazy\" decoding=\"async\" width=\"1024\" height=\"1024\" src=\"https:\/\/timeforsmile.pl\/wp-content\/uploads\/2024\/10\/1000015049-1024x1024.jpg\" alt=\"\" class=\"wp-image-496\" srcset=\"https:\/\/timeforsmile.pl\/wp-content\/uploads\/2024\/10\/1000015049-1024x1024.jpg 1024w, https:\/\/timeforsmile.pl\/wp-content\/uploads\/2024\/10\/1000015049-300x300.jpg 300w, https:\/\/timeforsmile.pl\/wp-content\/uploads\/2024\/10\/1000015049-150x150.jpg 150w, https:\/\/timeforsmile.pl\/wp-content\/uploads\/2024\/10\/1000015049-768x768.jpg 768w, https:\/\/timeforsmile.pl\/wp-content\/uploads\/2024\/10\/1000015049.jpg 1440w\" sizes=\"auto, (max-width: 1024px) 100vw, 1024px\" \/><\/figure>\n\n\n\n<figure class=\"wp-block-image size-large\"><img loading=\"lazy\" decoding=\"async\" width=\"1024\" height=\"1024\" src=\"https:\/\/timeforsmile.pl\/wp-content\/uploads\/2024\/10\/1000015048-1024x1024.jpg\" alt=\"\" class=\"wp-image-497\" srcset=\"https:\/\/timeforsmile.pl\/wp-content\/uploads\/2024\/10\/1000015048-1024x1024.jpg 1024w, https:\/\/timeforsmile.pl\/wp-content\/uploads\/2024\/10\/1000015048-300x300.jpg 300w, https:\/\/timeforsmile.pl\/wp-content\/uploads\/2024\/10\/1000015048-150x150.jpg 150w, https:\/\/timeforsmile.pl\/wp-content\/uploads\/2024\/10\/1000015048-768x768.jpg 768w, https:\/\/timeforsmile.pl\/wp-content\/uploads\/2024\/10\/1000015048.jpg 1440w\" sizes=\"auto, (max-width: 1024px) 100vw, 1024px\" \/><\/figure>\n\n\n\n<figure class=\"wp-block-image size-large\"><img loading=\"lazy\" decoding=\"async\" width=\"1024\" height=\"1024\" src=\"https:\/\/timeforsmile.pl\/wp-content\/uploads\/2024\/10\/1000015047-1024x1024.jpg\" alt=\"\" class=\"wp-image-498\" srcset=\"https:\/\/timeforsmile.pl\/wp-content\/uploads\/2024\/10\/1000015047-1024x1024.jpg 1024w, https:\/\/timeforsmile.pl\/wp-content\/uploads\/2024\/10\/1000015047-300x300.jpg 300w, https:\/\/timeforsmile.pl\/wp-content\/uploads\/2024\/10\/1000015047-150x150.jpg 150w, https:\/\/timeforsmile.pl\/wp-content\/uploads\/2024\/10\/1000015047-768x768.jpg 768w, https:\/\/timeforsmile.pl\/wp-content\/uploads\/2024\/10\/1000015047.jpg 1440w\" sizes=\"auto, (max-width: 1024px) 100vw, 1024px\" \/><\/figure>\n\n\n\n<figure class=\"wp-block-image size-large\"><img loading=\"lazy\" decoding=\"async\" width=\"1024\" height=\"1024\" src=\"https:\/\/timeforsmile.pl\/wp-content\/uploads\/2024\/10\/1000015046-1024x1024.jpg\" alt=\"\" class=\"wp-image-499\" srcset=\"https:\/\/timeforsmile.pl\/wp-content\/uploads\/2024\/10\/1000015046-1024x1024.jpg 1024w, https:\/\/timeforsmile.pl\/wp-content\/uploads\/2024\/10\/1000015046-300x300.jpg 300w, https:\/\/timeforsmile.pl\/wp-content\/uploads\/2024\/10\/1000015046-150x150.jpg 150w, https:\/\/timeforsmile.pl\/wp-content\/uploads\/2024\/10\/1000015046-768x768.jpg 768w, https:\/\/timeforsmile.pl\/wp-content\/uploads\/2024\/10\/1000015046.jpg 1440w\" sizes=\"auto, (max-width: 1024px) 100vw, 1024px\" \/><\/figure>\n\n\n\n<figure class=\"wp-block-image size-large\"><img loading=\"lazy\" decoding=\"async\" width=\"1024\" height=\"1024\" src=\"https:\/\/timeforsmile.pl\/wp-content\/uploads\/2024\/10\/1000015045-2-1024x1024.jpg\" alt=\"\" class=\"wp-image-500\" srcset=\"https:\/\/timeforsmile.pl\/wp-content\/uploads\/2024\/10\/1000015045-2-1024x1024.jpg 1024w, https:\/\/timeforsmile.pl\/wp-content\/uploads\/2024\/10\/1000015045-2-300x300.jpg 300w, https:\/\/timeforsmile.pl\/wp-content\/uploads\/2024\/10\/1000015045-2-150x150.jpg 150w, https:\/\/timeforsmile.pl\/wp-content\/uploads\/2024\/10\/1000015045-2-768x768.jpg 768w, https:\/\/timeforsmile.pl\/wp-content\/uploads\/2024\/10\/1000015045-2.jpg 1440w\" sizes=\"auto, (max-width: 1024px) 100vw, 1024px\" \/><\/figure>\n","protected":false},"excerpt":{"rendered":"<p>Ka\u017cd\u0105 terapi\u0119 staramy si\u0119 szy\u0107 na miar\u0119 pacjenta, a przy tym dostarczamy sporo motywacji [&hellip;]<\/p>\n","protected":false},"author":1,"featured_media":0,"parent":0,"menu_order":0,"comment_status":"closed","ping_status":"closed","template":"","meta":{"footnotes":""},"class_list":["post-16","page","type-page","status-publish","hentry"],"_links":{"self":[{"href":"https:\/\/timeforsmile.pl\/index.php\/wp-json\/wp\/v2\/pages\/16","targetHints":{"allow":["GET"]}}],"collection":[{"href":"https:\/\/timeforsmile.pl\/index.php\/wp-json\/wp\/v2\/pages"}],"about":[{"href":"https:\/\/timeforsmile.pl\/index.php\/wp-json\/wp\/v2\/types\/page"}],"author":[{"embeddable":true,"href":"https:\/\/timeforsmile.pl\/index.php\/wp-json\/wp\/v2\/users\/1"}],"replies":[{"embeddable":true,"href":"https:\/\/timeforsmile.pl\/index.php\/wp-json\/wp\/v2\/comments?post=16"}],"version-history":[{"count":30,"href":"https:\/\/timeforsmile.pl\/index.php\/wp-json\/wp\/v2\/pages\/16\/revisions"}],"predecessor-version":[{"id":649,"href":"https:\/\/timeforsmile.pl\/index.php\/wp-json\/wp\/v2\/pages\/16\/revisions\/649"}],"wp:attachment":[{"href":"https:\/\/timeforsmile.pl\/index.php\/wp-json\/wp\/v2\/media?parent=16"}],"curies":[{"name":"wp","href":"https:\/\/api.w.org\/{rel}","templated":true}]}}