{"id":661,"date":"2025-11-13T11:14:15","date_gmt":"2025-11-13T10:14:15","guid":{"rendered":"https:\/\/timeforsmile.pl\/?page_id=661"},"modified":"2025-12-18T19:24:56","modified_gmt":"2025-12-18T18:24:56","slug":"praca","status":"publish","type":"page","link":"https:\/\/timeforsmile.pl\/index.php\/praca\/","title":{"rendered":"Praca"},"content":{"rendered":"\n<h2 class=\"wp-block-heading\">&#x1f31f; Poszukujemy logopedy \/ neurologopedy \/ surdologopedy \/ psychologa \/ terapeuty integracji sensorycznej &#x1f31f;<\/h2>\n\n\n\n<p>Do naszego zespo\u0142u w <strong>Rumi Janowie<\/strong> przy ul. Katowickiej 8 poszukujemy zaanga\u017cowanego specjalisty, kt\u00f3ry z pasj\u0105 podchodzi do pracy z pacjentami i chce rozwija\u0107 si\u0119 w przyjaznym, wspieraj\u0105cym \u015brodowisku. &#x1f499;<br>Je\u015bli jeste\u015b osob\u0105 empatyczn\u0105, profesjonaln\u0105 i lubisz pomaga\u0107 innym \u2014 ta oferta jest w\u0142a\u015bnie dla Ciebie! <\/p>\n\n\n\n<p><\/p>\n\n\n\n<h3 class=\"wp-block-heading\"><strong>&#x2728; Wymagania:<\/strong><\/h3>\n\n\n\n<p>&#x1f393; Wykszta\u0142cenie wy\u017csze kierunkowe<br>&#x1f469;&#x200d;&#x1f3eb; Do\u015bwiadczenie w pracy z dzie\u0107mi i\/lub osobami doros\u0142ymi<br>&#x1f9e9; Znajomo\u015b\u0107 r\u00f3\u017cnorodnych metod terapeutycznych<br>&#x1f4ac; Umiej\u0119tno\u015b\u0107 nawi\u0105zywania pozytywnych relacji z pacjentami oraz ich rodzinami<\/p>\n\n\n\n<hr class=\"wp-block-separator has-alpha-channel-opacity\"\/>\n\n\n\n<h3 class=\"wp-block-heading\"><strong>&#x1f9e0; Zakres obowi\u0105zk\u00f3w:<\/strong><\/h3>\n\n\n\n<p>&#x1fa84; Prowadzenie indywidualnej terapii logopedycznej, neurologopedycznej, surdologopedycznej lub terapii integracji sensorycznej w przyjaznej i wspieraj\u0105cej atmosferze<br>&#x1fa7a; Diagnozowanie potrzeb pacjent\u00f3w oraz opracowywanie spersonalizowanych plan\u00f3w terapeutycznych<br>&#x1f4c8; Regularne monitorowanie post\u0119p\u00f3w i dostosowywanie metod pracy do aktualnych potrzeb<br>&#x1f91d; Wsp\u00f3\u0142praca z pacjentami i ich rodzinami w celu osi\u0105gni\u0119cia jak najlepszych efekt\u00f3w terapii<\/p>\n\n\n\n<hr class=\"wp-block-separator has-alpha-channel-opacity\"\/>\n\n\n\n<h3 class=\"wp-block-heading\"><strong>&#x1f4bc; Oferujemy:<\/strong><\/h3>\n\n\n\n<p>&#x1f3e1; Prac\u0119 w komfortowych, w pe\u0142ni wyposa\u017conych gabinetach stacjonarnych<br>&#x1f4b0; Atrakcyjne wynagrodzenie adekwatne do zaanga\u017cowania i do\u015bwiadczenia<br>&#x1f4da; Mo\u017cliwo\u015b\u0107 rozwoju zawodowego i uczestnictwa w szkoleniach wewn\u0119trznych<br>&#x1f31f; Wsparcie do\u015bwiadczonego i \u017cyczliwego zespo\u0142u specjalist\u00f3w<br>&#x1f60a; Przyjazn\u0105 atmosfer\u0119 pracy w kameralnych, domowych warunkach<br>&#x1f388; Mo\u017cliwo\u015b\u0107 rozwoju r\u00f3wnie\u017c w zakresie animacji dzieci\u0119cej<\/p>\n\n\n\n<p><\/p>\n\n\n\n<p>Je\u015bli jeste\u015b zainteresowany\/a, prze\u015blij swoje CV na adres:&nbsp;<a href=\"https:\/\/ogloszenia.trojmiasto.pl\/praca-zatrudnie\/logopedaneurologopedasurdologopedaterapeuta-integracji-sensorycznej-ogl65880110.html#s...@gmail.com\">smilefortime@gmail.com<\/a><\/p>\n\n\n\n<p>lub zadzwo\u0144- tel.:&nbsp;<a href=\"https:\/\/ogloszenia.trojmiasto.pl\/praca-zatrudnie\/logopedaneurologopedasurdologopedaterapeuta-integracji-sensorycznej-ogl65880110.html#s...@gmail.com\">512 518 181<\/a><\/p>\n\n\n\n<p>Do\u0142\u0105cz do naszego zespo\u0142u i pomagaj pacjentom osi\u0105ga\u0107 post\u0119py w komfortowym \u015brodowisku gabinetowym!<\/p>\n\n\n\n<p>Time for smile zaprasza \ud83d\ude42<\/p>\n\n\n\n<figure class=\"wp-block-image size-large\"><img loading=\"lazy\" decoding=\"async\" width=\"1024\" height=\"1024\" src=\"https:\/\/timeforsmile.pl\/wp-content\/uploads\/2025\/11\/image-1024x1024.png\" alt=\"\" class=\"wp-image-665\" srcset=\"https:\/\/timeforsmile.pl\/wp-content\/uploads\/2025\/11\/image-1024x1024.png 1024w, https:\/\/timeforsmile.pl\/wp-content\/uploads\/2025\/11\/image-300x300.png 300w, https:\/\/timeforsmile.pl\/wp-content\/uploads\/2025\/11\/image-150x150.png 150w, https:\/\/timeforsmile.pl\/wp-content\/uploads\/2025\/11\/image-768x768.png 768w, https:\/\/timeforsmile.pl\/wp-content\/uploads\/2025\/11\/image.png 1080w\" sizes=\"auto, (max-width: 1024px) 100vw, 1024px\" \/><\/figure>\n","protected":false},"excerpt":{"rendered":"<p>&#x1f31f; Poszukujemy logopedy \/ neurologopedy \/ surdologopedy \/ psychologa \/ terapeuty integracji sensorycznej &#x1f31f; [&hellip;]<\/p>\n","protected":false},"author":1,"featured_media":0,"parent":0,"menu_order":0,"comment_status":"closed","ping_status":"closed","template":"","meta":{"footnotes":""},"class_list":["post-661","page","type-page","status-publish","hentry"],"_links":{"self":[{"href":"https:\/\/timeforsmile.pl\/index.php\/wp-json\/wp\/v2\/pages\/661","targetHints":{"allow":["GET"]}}],"collection":[{"href":"https:\/\/timeforsmile.pl\/index.php\/wp-json\/wp\/v2\/pages"}],"about":[{"href":"https:\/\/timeforsmile.pl\/index.php\/wp-json\/wp\/v2\/types\/page"}],"author":[{"embeddable":true,"href":"https:\/\/timeforsmile.pl\/index.php\/wp-json\/wp\/v2\/users\/1"}],"replies":[{"embeddable":true,"href":"https:\/\/timeforsmile.pl\/index.php\/wp-json\/wp\/v2\/comments?post=661"}],"version-history":[{"count":8,"href":"https:\/\/timeforsmile.pl\/index.php\/wp-json\/wp\/v2\/pages\/661\/revisions"}],"predecessor-version":[{"id":683,"href":"https:\/\/timeforsmile.pl\/index.php\/wp-json\/wp\/v2\/pages\/661\/revisions\/683"}],"wp:attachment":[{"href":"https:\/\/timeforsmile.pl\/index.php\/wp-json\/wp\/v2\/media?parent=661"}],"curies":[{"name":"wp","href":"https:\/\/api.w.org\/{rel}","templated":true}]}}